{"id":2126,"date":"2025-02-18T11:44:25","date_gmt":"2025-02-18T11:44:25","guid":{"rendered":"https:\/\/spalig.com\/?page_id=2126"},"modified":"2025-03-04T21:10:20","modified_gmt":"2025-03-04T20:10:20","slug":"odrzavanje-web-stranica","status":"publish","type":"page","link":"https:\/\/spalig.com\/en\/odrzavanje-web-stranica\/","title":{"rendered":"Website Maintenance"},"content":{"rendered":"\t\t<div data-elementor-type=\"wp-page\" data-elementor-id=\"2126\" class=\"elementor elementor-2126\" data-elementor-post-type=\"page\">\n\t\t\t\t<div class=\"elementor-element elementor-element-1525ea3 e-flex e-con-boxed e-con e-parent\" data-id=\"1525ea3\" data-element_type=\"container\" data-e-type=\"container\" data-settings=\"{&quot;background_background&quot;:&quot;classic&quot;}\">\n\t\t\t\t\t<div class=\"e-con-inner\">\n\t\t<div class=\"elementor-element elementor-element-eae2156 e-con-full e-flex e-con e-child\" data-id=\"eae2156\" data-element_type=\"container\" data-e-type=\"container\">\n\t\t\t\t<div class=\"elementor-element elementor-element-0a7093e elementor-widget elementor-widget-html\" data-id=\"0a7093e\" data-element_type=\"widget\" data-e-type=\"widget\" data-widget_type=\"html.default\">\n\t\t\t\t<div class=\"elementor-widget-container\">\n\t\t\t\t\t\r\n<div class=\"heading-container\">\r\n    <div><span>Redovito odr\u017eavanje,<\/span><\/div>\r\n    <div><span>optimalna <span class=\"highlight\"> funkcionalnost.<\/span><\/span><\/div>\r\n    \r\n \r\n<style>\r\nbody {\r\n    background: #121212; \/* Dark background *\/\r\n}\r\n\r\n@font-face {\r\n    font-family: 'Unbounded';\r\n    src: url('https:\/\/spalig.com\/wp-content\/uploads\/2025\/02\/Unbounded-VariableFont_wght.ttf') format('truetype');\r\n    font-weight: normal;\r\n    font-style: normal;\r\n}\r\n\r\n.heading-container {\r\n    text-align: center;\r\n    font-family: 'Unbounded', sans-serif;\r\n    font-weight: normal;\r\n    font-style: normal;\r\n    color: #FAFAFA;\r\n    overflow: hidden;\r\n    position: relative;\r\n    padding-bottom: 60px; \/* Extra space for swirl *\/\r\n}\r\n\r\n\r\n.heading-container div {\r\n    margin: 0;\r\n    opacity: 0;\r\n    transform: translateY(50px);\r\n    font-size: 40px !important;\r\n    line-height: 2;\r\n    display: block;\r\n}\r\n\r\n.highlight {\r\n    position: relative;\r\n    display: inline-block;\r\n}\r\n\r\n@media (max-width: 767px){\r\n.heading-container div{\r\n        font-size: 25px !important;\r\n        \r\n    }\r\n    }\r\n<\/style>\r\n\r\n<script src=\"https:\/\/cdnjs.cloudflare.com\/ajax\/libs\/gsap\/3.12.2\/gsap.min.js\"><\/script>\r\n<script>\r\ndocument.addEventListener(\"DOMContentLoaded\", function () {\r\n    gsap.to(\".heading-container div\", {\r\n        opacity: 1,\r\n        y: 0,\r\n        duration: 1,\r\n        stagger: 0.3,\r\n        ease: \"power3.out\"\r\n    });\r\n\r\n    gsap.to(\".underline path\", {\r\n        strokeDashoffset: 0,\r\n        duration: 2,\r\n        delay: 1.2,\r\n        ease: \"power3.out\",\r\n        onStart: function() {\r\n            gsap.to(\".underline path\", { opacity: 1, duration: 0.3 });\r\n        }\r\n    });\r\n});\r\n<\/script>\r\n\t\t\t\t<\/div>\n\t\t\t\t<\/div>\n\t\t\t\t<div class=\"elementor-element elementor-element-c235544 elementor-align-center elementor-invisible elementor-widget elementor-widget-lottie\" data-id=\"c235544\" data-element_type=\"widget\" data-e-type=\"widget\" data-settings=\"{&quot;source_json&quot;:{&quot;url&quot;:&quot;https:\\\/\\\/spalig.com\\\/wp-content\\\/uploads\\\/2025\\\/02\\\/Animation-1726937788898.json&quot;,&quot;id&quot;:1914,&quot;size&quot;:&quot;&quot;,&quot;alt&quot;:&quot;&quot;,&quot;source&quot;:&quot;library&quot;},&quot;loop&quot;:&quot;yes&quot;,&quot;_animation&quot;:&quot;fadeIn&quot;,&quot;_animation_delay&quot;:800,&quot;source&quot;:&quot;media_file&quot;,&quot;caption_source&quot;:&quot;none&quot;,&quot;link_to&quot;:&quot;none&quot;,&quot;trigger&quot;:&quot;arriving_to_viewport&quot;,&quot;viewport&quot;:{&quot;unit&quot;:&quot;%&quot;,&quot;size&quot;:&quot;&quot;,&quot;sizes&quot;:{&quot;start&quot;:0,&quot;end&quot;:100}},&quot;play_speed&quot;:{&quot;unit&quot;:&quot;px&quot;,&quot;size&quot;:1,&quot;sizes&quot;:[]},&quot;start_point&quot;:{&quot;unit&quot;:&quot;%&quot;,&quot;size&quot;:0,&quot;sizes&quot;:[]},&quot;end_point&quot;:{&quot;unit&quot;:&quot;%&quot;,&quot;size&quot;:100,&quot;sizes&quot;:[]},&quot;renderer&quot;:&quot;svg&quot;}\" data-widget_type=\"lottie.default\">\n\t\t\t\t<div class=\"elementor-widget-container\">\n\t\t\t\t\t<div class=\"e-lottie__container\"><div class=\"e-lottie__animation\"><\/div><\/div>\t\t\t\t<\/div>\n\t\t\t\t<\/div>\n\t\t\t\t<\/div>\n\t\t\t\t\t<\/div>\n\t\t\t\t<\/div>\n\t\t<div class=\"elementor-element elementor-element-0d30b1b main e-flex e-con-boxed e-con e-parent\" data-id=\"0d30b1b\" data-element_type=\"container\" data-e-type=\"container\" data-settings=\"{&quot;background_background&quot;:&quot;classic&quot;}\">\n\t\t\t\t\t<div class=\"e-con-inner\">\n\t\t\t\t<div class=\"elementor-element elementor-element-bfb69bf elementor-widget elementor-widget-html\" data-id=\"bfb69bf\" data-element_type=\"widget\" data-e-type=\"widget\" data-widget_type=\"html.default\">\n\t\t\t\t<div class=\"elementor-widget-container\">\n\t\t\t\t\t<style>\r\n    .card{\r\n        will-change: transform;\r\n    }\r\n<\/style>\r\n\r\n<!-- Add these to your Elementor page head or footer -->\r\n<script src=\"https:\/\/cdnjs.cloudflare.com\/ajax\/libs\/gsap\/3.11.4\/gsap.min.js\"><\/script>\r\n<script src=\"https:\/\/cdnjs.cloudflare.com\/ajax\/libs\/gsap\/3.11.4\/ScrollTrigger.min.js\"><\/script>\r\n\r\n\r\n<script>\r\ndocument.addEventListener(\"DOMContentLoaded\", function() {\r\n    \/\/ Ensure GSAP and ScrollTrigger are available\r\n    if (typeof gsap !== \"undefined\" && typeof ScrollTrigger !== \"undefined\") {\r\n        gsap.registerPlugin(ScrollTrigger);\r\n\r\n        \/\/ Define different movement values for desktop and mobile\r\n        const isMobile = window.innerWidth <= 768;\r\n\r\n        const leftXValues = isMobile ? [-1500, -1500, -500] : [-800, -900, -400];\r\n        const rightXValues = isMobile ? [1500, 1500, 500] : [800, 900, 400];\r\n        const leftRotationValues = isMobile ? [-45, -40, -50] : [-30, -20, -35];\r\n        const rightRotationValues = isMobile ? [45, 40, 50] : [30, 20, 35];\r\n        const yValues = isMobile ? [200, -300, -700] : [100, -150, -400];\r\n\r\n        gsap.utils.toArray(\".row\").forEach((row, index) => {\r\n            const cardLeft = row.querySelector(\".card-left\");\r\n            const cardRight = row.querySelector(\".card-right\");\r\n\r\n            gsap.fromTo(cardLeft,\r\n                { x: 0, y: 0, rotation: 0 },\r\n                {\r\n                    x: leftXValues[index],\r\n                    rotation: leftRotationValues[index],\r\n                    scrollTrigger: {\r\n                        trigger: \".main\",\r\n                        start: \"top 80%\",\r\n                        end: \"150% bottom\",\r\n                        scrub: true,\r\n                        onUpdate: (self) => {\r\n                            const progress = self.progress;\r\n                            gsap.set(cardLeft, {\r\n                                x: progress * leftXValues[index],\r\n                                y: progress * yValues[index],\r\n                                rotation: progress * leftRotationValues[index]\r\n                            });\r\n                        },\r\n                    },\r\n                }\r\n            );\r\n\r\n            gsap.fromTo(cardRight,\r\n                { x: 0, y: 0, rotation: 0 },\r\n                {\r\n                    x: rightXValues[index],\r\n                    rotation: rightRotationValues[index],\r\n                    scrollTrigger: {\r\n                        trigger: \".main\",\r\n                        start: \"top 80%\",\r\n                        end: \"150% bottom\",\r\n                        scrub: true,\r\n                        onUpdate: (self) => {\r\n                            const progress = self.progress;\r\n                            gsap.set(cardRight, {\r\n                                x: progress * rightXValues[index],\r\n                                y: progress * yValues[index],\r\n                                rotation: progress * rightRotationValues[index]\r\n                            });\r\n                        },\r\n                    },\r\n                }\r\n            );\r\n        });\r\n    } else {\r\n        console.error(\"GSAP or ScrollTrigger not found.\");\r\n    }\r\n});\r\n<\/script>\t\t\t\t<\/div>\n\t\t\t\t<\/div>\n\t\t<div class=\"elementor-element elementor-element-5c49a1d e-con-full row e-flex e-con e-child\" data-id=\"5c49a1d\" data-element_type=\"container\" data-e-type=\"container\">\n\t\t\t\t<div class=\"elementor-element elementor-element-f1c8382 card card-left elementor-widget elementor-widget-image\" data-id=\"f1c8382\" data-element_type=\"widget\" data-e-type=\"widget\" data-widget_type=\"image.default\">\n\t\t\t\t<div class=\"elementor-widget-container\">\n\t\t\t\t\t\t\t\t\t\t\t\t\t\t\t<img fetchpriority=\"high\" decoding=\"async\" width=\"800\" height=\"600\" src=\"https:\/\/spalig.com\/wp-content\/uploads\/2025\/02\/IB-1024x768.webp\" class=\"attachment-large size-large wp-image-1889\" alt=\"izrada web stranice za gra\u0111evinsku firmu\" srcset=\"https:\/\/spalig.com\/wp-content\/uploads\/2025\/02\/IB-1024x768.webp 1024w, https:\/\/spalig.com\/wp-content\/uploads\/2025\/02\/IB-300x225.webp 300w, https:\/\/spalig.com\/wp-content\/uploads\/2025\/02\/IB-768x576.webp 768w, https:\/\/spalig.com\/wp-content\/uploads\/2025\/02\/IB-1536x1152.webp 1536w, https:\/\/spalig.com\/wp-content\/uploads\/2025\/02\/IB-16x12.webp 16w, https:\/\/spalig.com\/wp-content\/uploads\/2025\/02\/IB.webp 1920w\" sizes=\"(max-width: 800px) 100vw, 800px\" \/>\t\t\t\t\t\t\t\t\t\t\t\t\t\t\t<\/div>\n\t\t\t\t<\/div>\n\t\t\t\t<div class=\"elementor-element elementor-element-8b35e84 card card-right elementor-widget elementor-widget-image\" data-id=\"8b35e84\" data-element_type=\"widget\" data-e-type=\"widget\" data-widget_type=\"image.default\">\n\t\t\t\t<div class=\"elementor-widget-container\">\n\t\t\t\t\t\t\t\t\t\t\t\t\t\t\t<img decoding=\"async\" width=\"800\" height=\"600\" src=\"https:\/\/spalig.com\/wp-content\/uploads\/2025\/02\/CB-1024x768.webp\" class=\"attachment-large size-large wp-image-1890\" alt=\"izrada web stranice za muziku\" srcset=\"https:\/\/spalig.com\/wp-content\/uploads\/2025\/02\/CB-1024x768.webp 1024w, https:\/\/spalig.com\/wp-content\/uploads\/2025\/02\/CB-300x225.webp 300w, https:\/\/spalig.com\/wp-content\/uploads\/2025\/02\/CB-768x576.webp 768w, https:\/\/spalig.com\/wp-content\/uploads\/2025\/02\/CB-1536x1152.webp 1536w, https:\/\/spalig.com\/wp-content\/uploads\/2025\/02\/CB-16x12.webp 16w, https:\/\/spalig.com\/wp-content\/uploads\/2025\/02\/CB.webp 1920w\" sizes=\"(max-width: 800px) 100vw, 800px\" \/>\t\t\t\t\t\t\t\t\t\t\t\t\t\t\t<\/div>\n\t\t\t\t<\/div>\n\t\t\t\t<\/div>\n\t\t<div class=\"elementor-element elementor-element-96ca49d e-con-full e-transform e-flex e-con e-child\" data-id=\"96ca49d\" data-element_type=\"container\" data-e-type=\"container\" data-settings=\"{&quot;position&quot;:&quot;absolute&quot;,&quot;_transform_translateX_effect&quot;:{&quot;unit&quot;:&quot;%&quot;,&quot;size&quot;:-50,&quot;sizes&quot;:[]},&quot;_transform_translateX_effect_tablet&quot;:{&quot;unit&quot;:&quot;%&quot;,&quot;size&quot;:&quot;&quot;,&quot;sizes&quot;:[]},&quot;_transform_translateX_effect_mobile&quot;:{&quot;unit&quot;:&quot;%&quot;,&quot;size&quot;:&quot;&quot;,&quot;sizes&quot;:[]},&quot;_transform_translateY_effect&quot;:{&quot;unit&quot;:&quot;px&quot;,&quot;size&quot;:-50,&quot;sizes&quot;:[]},&quot;_transform_translateY_effect_tablet&quot;:{&quot;unit&quot;:&quot;%&quot;,&quot;size&quot;:&quot;&quot;,&quot;sizes&quot;:[]},&quot;_transform_translateY_effect_mobile&quot;:{&quot;unit&quot;:&quot;%&quot;,&quot;size&quot;:&quot;&quot;,&quot;sizes&quot;:[]}}\">\n\t\t\t\t<div class=\"elementor-element elementor-element-1921760 elementor-widget elementor-widget-image\" data-id=\"1921760\" data-element_type=\"widget\" data-e-type=\"widget\" data-widget_type=\"image.default\">\n\t\t\t\t<div class=\"elementor-widget-container\">\n\t\t\t\t\t\t\t\t\t\t\t\t\t\t\t<img decoding=\"async\" width=\"800\" height=\"259\" src=\"https:\/\/spalig.com\/wp-content\/uploads\/2025\/01\/Spalig-White-logo-1024x331.webp\" class=\"attachment-large size-large wp-image-410\" alt=\"\" srcset=\"https:\/\/spalig.com\/wp-content\/uploads\/2025\/01\/Spalig-White-logo-1024x331.webp 1024w, https:\/\/spalig.com\/wp-content\/uploads\/2025\/01\/Spalig-White-logo-300x97.webp 300w, https:\/\/spalig.com\/wp-content\/uploads\/2025\/01\/Spalig-White-logo-768x248.webp 768w, https:\/\/spalig.com\/wp-content\/uploads\/2025\/01\/Spalig-White-logo.webp 1193w\" sizes=\"(max-width: 800px) 100vw, 800px\" \/>\t\t\t\t\t\t\t\t\t\t\t\t\t\t\t<\/div>\n\t\t\t\t<\/div>\n\t\t\t\t<div class=\"elementor-element elementor-element-25462ea elementor-widget elementor-widget-text-editor\" data-id=\"25462ea\" data-element_type=\"widget\" data-e-type=\"widget\" data-widget_type=\"text-editor.default\">\n\t\t\t\t<div class=\"elementor-widget-container\">\n\t\t\t\t\t\t\t\t\t<p>Osiguravamo da va\u0161a web stranica radi besprijekorno i da uvijek posti\u017ee najbolje rezultate. Tu smo kako bismo vam pru\u017eili redovito odr\u017eavanje, potrebne sanacije i vi\u0161estruke provjere tijekom mjeseca. Uz na\u0161e usluge odr\u017eavanja, svaki paket dobiva besplatni period usluga izrade i dizajna web stranica u slu\u010daju izmjena i dodataka na stranici.<\/p>\t\t\t\t\t\t\t\t<\/div>\n\t\t\t\t<\/div>\n\t\t\t\t<div class=\"elementor-element elementor-element-d225ab3 gumb elementor-widget elementor-widget-button\" data-id=\"d225ab3\" data-element_type=\"widget\" data-e-type=\"widget\" data-widget_type=\"button.default\">\n\t\t\t\t<div class=\"elementor-widget-container\">\n\t\t\t\t\t\t\t\t\t<div class=\"elementor-button-wrapper\">\n\t\t\t\t\t<a class=\"elementor-button elementor-button-link elementor-size-sm\" href=\"http:\/\/kontakt\">\n\t\t\t\t\t\t<span class=\"elementor-button-content-wrapper\">\n\t\t\t\t\t\t\t\t\t<span class=\"elementor-button-text\"><span class=\"services-btn\">KONTAKTIRAJ NAS<\/span>\n\t\t\t\t\t<\/span>\n\t\t\t\t\t<\/a>\n\t\t\t\t<\/div>\n\t\t\t\t\t\t\t\t<\/div>\n\t\t\t\t<\/div>\n\t\t\t\t<\/div>\n\t\t<div class=\"elementor-element elementor-element-ae7b0cb e-con-full row e-flex e-con e-child\" data-id=\"ae7b0cb\" data-element_type=\"container\" data-e-type=\"container\">\n\t\t\t\t<div class=\"elementor-element elementor-element-283eb61 card card-left elementor-widget elementor-widget-image\" data-id=\"283eb61\" data-element_type=\"widget\" data-e-type=\"widget\" data-widget_type=\"image.default\">\n\t\t\t\t<div class=\"elementor-widget-container\">\n\t\t\t\t\t\t\t\t\t\t\t\t\t\t\t<img loading=\"lazy\" decoding=\"async\" width=\"800\" height=\"600\" src=\"https:\/\/spalig.com\/wp-content\/uploads\/2025\/02\/GWD-1024x768.webp\" class=\"attachment-large size-large wp-image-1887\" alt=\"izrada web stranice za car detailing\" srcset=\"https:\/\/spalig.com\/wp-content\/uploads\/2025\/02\/GWD-1024x768.webp 1024w, https:\/\/spalig.com\/wp-content\/uploads\/2025\/02\/GWD-300x225.webp 300w, https:\/\/spalig.com\/wp-content\/uploads\/2025\/02\/GWD-768x576.webp 768w, https:\/\/spalig.com\/wp-content\/uploads\/2025\/02\/GWD-1536x1152.webp 1536w, https:\/\/spalig.com\/wp-content\/uploads\/2025\/02\/GWD-16x12.webp 16w, https:\/\/spalig.com\/wp-content\/uploads\/2025\/02\/GWD.webp 1920w\" sizes=\"(max-width: 800px) 100vw, 800px\" \/>\t\t\t\t\t\t\t\t\t\t\t\t\t\t\t<\/div>\n\t\t\t\t<\/div>\n\t\t\t\t<div class=\"elementor-element elementor-element-0c340d0 card card-right elementor-widget elementor-widget-image\" data-id=\"0c340d0\" data-element_type=\"widget\" data-e-type=\"widget\" data-widget_type=\"image.default\">\n\t\t\t\t<div class=\"elementor-widget-container\">\n\t\t\t\t\t\t\t\t\t\t\t\t\t\t\t<img loading=\"lazy\" decoding=\"async\" width=\"800\" height=\"600\" src=\"https:\/\/spalig.com\/wp-content\/uploads\/2025\/02\/VGT-1024x768.webp\" class=\"attachment-large size-large wp-image-1893\" alt=\"izrada luxury taxi stranice\" srcset=\"https:\/\/spalig.com\/wp-content\/uploads\/2025\/02\/VGT-1024x768.webp 1024w, https:\/\/spalig.com\/wp-content\/uploads\/2025\/02\/VGT-300x225.webp 300w, https:\/\/spalig.com\/wp-content\/uploads\/2025\/02\/VGT-768x576.webp 768w, https:\/\/spalig.com\/wp-content\/uploads\/2025\/02\/VGT-1536x1152.webp 1536w, https:\/\/spalig.com\/wp-content\/uploads\/2025\/02\/VGT-16x12.webp 16w, https:\/\/spalig.com\/wp-content\/uploads\/2025\/02\/VGT.webp 1920w\" sizes=\"(max-width: 800px) 100vw, 800px\" \/>\t\t\t\t\t\t\t\t\t\t\t\t\t\t\t<\/div>\n\t\t\t\t<\/div>\n\t\t\t\t<\/div>\n\t\t<div class=\"elementor-element elementor-element-dbba7df e-con-full row e-flex e-con e-child\" data-id=\"dbba7df\" data-element_type=\"container\" data-e-type=\"container\">\n\t\t\t\t<div class=\"elementor-element elementor-element-8a0192b card card-left elementor-widget elementor-widget-image\" data-id=\"8a0192b\" data-element_type=\"widget\" data-e-type=\"widget\" data-widget_type=\"image.default\">\n\t\t\t\t<div class=\"elementor-widget-container\">\n\t\t\t\t\t\t\t\t\t\t\t\t\t\t\t<img loading=\"lazy\" decoding=\"async\" width=\"800\" height=\"600\" src=\"https:\/\/spalig.com\/wp-content\/uploads\/2025\/02\/IP-1024x768.webp\" class=\"attachment-large size-large wp-image-1891\" alt=\"izrada web stranice za fitness trenera\" srcset=\"https:\/\/spalig.com\/wp-content\/uploads\/2025\/02\/IP-1024x768.webp 1024w, https:\/\/spalig.com\/wp-content\/uploads\/2025\/02\/IP-300x225.webp 300w, https:\/\/spalig.com\/wp-content\/uploads\/2025\/02\/IP-768x576.webp 768w, https:\/\/spalig.com\/wp-content\/uploads\/2025\/02\/IP-1536x1152.webp 1536w, https:\/\/spalig.com\/wp-content\/uploads\/2025\/02\/IP-16x12.webp 16w, https:\/\/spalig.com\/wp-content\/uploads\/2025\/02\/IP.webp 1920w\" sizes=\"(max-width: 800px) 100vw, 800px\" \/>\t\t\t\t\t\t\t\t\t\t\t\t\t\t\t<\/div>\n\t\t\t\t<\/div>\n\t\t\t\t<div class=\"elementor-element elementor-element-6f81067 card card-right elementor-widget elementor-widget-image\" data-id=\"6f81067\" data-element_type=\"widget\" data-e-type=\"widget\" data-widget_type=\"image.default\">\n\t\t\t\t<div class=\"elementor-widget-container\">\n\t\t\t\t\t\t\t\t\t\t\t\t\t\t\t<img loading=\"lazy\" decoding=\"async\" width=\"800\" height=\"600\" src=\"https:\/\/spalig.com\/wp-content\/uploads\/2025\/02\/COX-1024x768.webp\" class=\"attachment-large size-large wp-image-1886\" alt=\"izrada web stranice za security usluge\" srcset=\"https:\/\/spalig.com\/wp-content\/uploads\/2025\/02\/COX-1024x768.webp 1024w, https:\/\/spalig.com\/wp-content\/uploads\/2025\/02\/COX-300x225.webp 300w, https:\/\/spalig.com\/wp-content\/uploads\/2025\/02\/COX-768x576.webp 768w, https:\/\/spalig.com\/wp-content\/uploads\/2025\/02\/COX-1536x1152.webp 1536w, https:\/\/spalig.com\/wp-content\/uploads\/2025\/02\/COX-16x12.webp 16w, https:\/\/spalig.com\/wp-content\/uploads\/2025\/02\/COX.webp 1920w\" sizes=\"(max-width: 800px) 100vw, 800px\" \/>\t\t\t\t\t\t\t\t\t\t\t\t\t\t\t<\/div>\n\t\t\t\t<\/div>\n\t\t\t\t<\/div>\n\t\t\t\t\t<\/div>\n\t\t\t\t<\/div>\n\t\t\t\t<\/div>\n\t\t","protected":false},"excerpt":{"rendered":"<p>Redovito odr\u017eavanje, optimalna funkcionalnost. Osiguravamo da va\u0161a web stranica radi besprijekorno i da uvijek posti\u017ee najbolje rezultate. Tu smo kako bismo vam pru\u017eili redovito odr\u017eavanje, potrebne sanacije i vi\u0161estruke provjere tijekom mjeseca. Uz na\u0161e usluge odr\u017eavanja, svaki paket dobiva besplatni period usluga izrade i dizajna web stranica u slu\u010daju izmjena i dodataka na stranici. KONTAKTIRAJ [&hellip;]<\/p>\n","protected":false},"author":1,"featured_media":0,"parent":0,"menu_order":0,"comment_status":"closed","ping_status":"closed","template":"","meta":{"footnotes":""},"class_list":["post-2126","page","type-page","status-publish","hentry"],"_links":{"self":[{"href":"https:\/\/spalig.com\/en\/wp-json\/wp\/v2\/pages\/2126","targetHints":{"allow":["GET"]}}],"collection":[{"href":"https:\/\/spalig.com\/en\/wp-json\/wp\/v2\/pages"}],"about":[{"href":"https:\/\/spalig.com\/en\/wp-json\/wp\/v2\/types\/page"}],"author":[{"embeddable":true,"href":"https:\/\/spalig.com\/en\/wp-json\/wp\/v2\/users\/1"}],"replies":[{"embeddable":true,"href":"https:\/\/spalig.com\/en\/wp-json\/wp\/v2\/comments?post=2126"}],"version-history":[{"count":0,"href":"https:\/\/spalig.com\/en\/wp-json\/wp\/v2\/pages\/2126\/revisions"}],"wp:attachment":[{"href":"https:\/\/spalig.com\/en\/wp-json\/wp\/v2\/media?parent=2126"}],"curies":[{"name":"wp","href":"https:\/\/api.w.org\/{rel}","templated":true}]}}