{"id":2049,"date":"2025-02-18T11:18:47","date_gmt":"2025-02-18T11:18:47","guid":{"rendered":"https:\/\/spalig.com\/?page_id=2049"},"modified":"2025-03-04T21:10:02","modified_gmt":"2025-03-04T20:10:02","slug":"web-hosting","status":"publish","type":"page","link":"https:\/\/spalig.com\/en\/web-hosting\/","title":{"rendered":"Web Hosting"},"content":{"rendered":"\t\t<div data-elementor-type=\"wp-page\" data-elementor-id=\"2049\" class=\"elementor elementor-2049\" data-elementor-post-type=\"page\">\n\t\t\t\t<div class=\"elementor-element elementor-element-702937f e-flex e-con-boxed e-con e-parent\" data-id=\"702937f\" data-element_type=\"container\" data-e-type=\"container\" data-settings=\"{&quot;background_background&quot;:&quot;classic&quot;}\">\n\t\t\t\t\t<div class=\"e-con-inner\">\n\t\t<div class=\"elementor-element elementor-element-66d1377 e-con-full e-flex e-con e-child\" data-id=\"66d1377\" data-element_type=\"container\" data-e-type=\"container\">\n\t\t\t\t<div class=\"elementor-element elementor-element-d0e1018 elementor-widget elementor-widget-html\" data-id=\"d0e1018\" data-element_type=\"widget\" data-e-type=\"widget\" data-widget_type=\"html.default\">\n\t\t\t\t<div class=\"elementor-widget-container\">\n\t\t\t\t\t<div class=\"heading-container\">\r\n    <div><span>Va\u0161a web stranica<\/span><\/div>\r\n    <div><span>zaslu\u017euje <span class=\"highlight\"> najbolje.<\/span><\/span><\/div>\r\n    \r\n<style>\r\nbody {\r\n    background: #121212; \/* Dark background *\/\r\n}\r\n\r\n@font-face {\r\n    font-family: 'Unbounded';\r\n    src: url('https:\/\/spalig.com\/wp-content\/uploads\/2025\/02\/Unbounded-VariableFont_wght.ttf') format('truetype');\r\n    font-weight: normal;\r\n    font-style: normal;\r\n}\r\n\r\n.heading-container {\r\n    text-align: center;\r\n    font-family: 'Unbounded', sans-serif;\r\n    font-weight: normal;\r\n    font-style: normal;\r\n    color: #FAFAFA;\r\n    overflow: hidden;\r\n    position: relative;\r\n    padding-bottom: 60px; \/* Extra space for swirl *\/\r\n}\r\n\r\n\r\n.heading-container div {\r\n    margin: 0;\r\n    opacity: 0;\r\n    transform: translateY(50px);\r\n    font-size: 40px !important;\r\n    line-height: 2;\r\n    display: block;\r\n}\r\n\r\n.highlight {\r\n    position: relative;\r\n    display: inline-block;\r\n}\r\n@media (max-width: 767px){\r\n    .underline {\r\n    position: absolute;\r\n    bottom: 52px;\r\n    left: 78%;\r\n    transform: translateX(-50%);\r\n    opacity: 1;\r\n    rotate: -10deg;}\r\n    \r\n    .heading-container div{\r\n        font-size: 25px !important;\r\n        \r\n    }\r\n    }\r\n<\/style>\r\n\r\n<script src=\"https:\/\/cdnjs.cloudflare.com\/ajax\/libs\/gsap\/3.12.2\/gsap.min.js\"><\/script>\r\n<script>\r\ndocument.addEventListener(\"DOMContentLoaded\", function () {\r\n    gsap.to(\".heading-container div\", {\r\n        opacity: 1,\r\n        y: 0,\r\n        duration: 1,\r\n        stagger: 0.3,\r\n        ease: \"power3.out\"\r\n    });\r\n\r\n    gsap.to(\".underline path\", {\r\n        strokeDashoffset: 0,\r\n        duration: 2,\r\n        delay: 1.2,\r\n        ease: \"power3.out\",\r\n        onStart: function() {\r\n            gsap.to(\".underline path\", { opacity: 1, duration: 0.3 });\r\n        }\r\n    });\r\n});\r\n<\/script>\r\n\t\t\t\t<\/div>\n\t\t\t\t<\/div>\n\t\t\t\t<div class=\"elementor-element elementor-element-bea20d0 elementor-align-center elementor-widget elementor-widget-lottie\" data-id=\"bea20d0\" data-element_type=\"widget\" data-e-type=\"widget\" data-settings=\"{&quot;source_json&quot;:{&quot;url&quot;:&quot;https:\\\/\\\/spalig.com\\\/wp-content\\\/uploads\\\/2025\\\/02\\\/Animation-1726937788898.json&quot;,&quot;id&quot;:1914,&quot;size&quot;:&quot;&quot;,&quot;alt&quot;:&quot;&quot;,&quot;source&quot;:&quot;library&quot;},&quot;source&quot;:&quot;media_file&quot;,&quot;caption_source&quot;:&quot;none&quot;,&quot;link_to&quot;:&quot;none&quot;,&quot;trigger&quot;:&quot;arriving_to_viewport&quot;,&quot;viewport&quot;:{&quot;unit&quot;:&quot;%&quot;,&quot;size&quot;:&quot;&quot;,&quot;sizes&quot;:{&quot;start&quot;:0,&quot;end&quot;:100}},&quot;play_speed&quot;:{&quot;unit&quot;:&quot;px&quot;,&quot;size&quot;:1,&quot;sizes&quot;:[]},&quot;start_point&quot;:{&quot;unit&quot;:&quot;%&quot;,&quot;size&quot;:0,&quot;sizes&quot;:[]},&quot;end_point&quot;:{&quot;unit&quot;:&quot;%&quot;,&quot;size&quot;:100,&quot;sizes&quot;:[]},&quot;renderer&quot;:&quot;svg&quot;}\" data-widget_type=\"lottie.default\">\n\t\t\t\t<div class=\"elementor-widget-container\">\n\t\t\t\t\t<div class=\"e-lottie__container\"><div class=\"e-lottie__animation\"><\/div><\/div>\t\t\t\t<\/div>\n\t\t\t\t<\/div>\n\t\t\t\t<\/div>\n\t\t\t\t\t<\/div>\n\t\t\t\t<\/div>\n\t\t<div class=\"elementor-element elementor-element-0d6e570 e-con-full scroller e-flex e-con e-parent\" data-id=\"0d6e570\" data-element_type=\"container\" data-e-type=\"container\" data-settings=\"{&quot;background_background&quot;:&quot;classic&quot;}\">\n\t\t<div class=\"elementor-element elementor-element-828d709 e-flex e-con-boxed e-con e-child\" data-id=\"828d709\" data-element_type=\"container\" data-e-type=\"container\" data-settings=\"{&quot;sticky&quot;:&quot;top&quot;,&quot;sticky_parent&quot;:&quot;yes&quot;,&quot;sticky_on&quot;:[&quot;desktop&quot;,&quot;tablet&quot;,&quot;mobile&quot;],&quot;sticky_offset&quot;:0,&quot;sticky_effects_offset&quot;:0,&quot;sticky_anchor_link_offset&quot;:0}\">\n\t\t\t\t\t<div class=\"e-con-inner\">\n\t\t\t\t<div class=\"elementor-element elementor-element-892b8b4 elementor-widget elementor-widget-heading\" data-id=\"892b8b4\" data-element_type=\"widget\" data-e-type=\"widget\" data-widget_type=\"heading.default\">\n\t\t\t\t<div class=\"elementor-widget-container\">\n\t\t\t\t\t<h2 class=\"elementor-heading-title elementor-size-default\">Brzina, Sigurnost i Pouzdanost<\/h2>\t\t\t\t<\/div>\n\t\t\t\t<\/div>\n\t\t<div class=\"elementor-element elementor-element-4641a7d e-con-full e-transform e-flex e-con e-child\" data-id=\"4641a7d\" data-element_type=\"container\" data-e-type=\"container\" data-settings=\"{&quot;_transform_translateX_effect&quot;:{&quot;unit&quot;:&quot;%&quot;,&quot;size&quot;:50,&quot;sizes&quot;:[]},&quot;_transform_translateX_effect_tablet&quot;:{&quot;unit&quot;:&quot;%&quot;,&quot;size&quot;:&quot;&quot;,&quot;sizes&quot;:[]},&quot;_transform_translateX_effect_mobile&quot;:{&quot;unit&quot;:&quot;%&quot;,&quot;size&quot;:&quot;&quot;,&quot;sizes&quot;:[]},&quot;_transform_translateY_effect&quot;:{&quot;unit&quot;:&quot;%&quot;,&quot;size&quot;:&quot;&quot;,&quot;sizes&quot;:[]},&quot;_transform_translateY_effect_tablet&quot;:{&quot;unit&quot;:&quot;%&quot;,&quot;size&quot;:&quot;&quot;,&quot;sizes&quot;:[]},&quot;_transform_translateY_effect_mobile&quot;:{&quot;unit&quot;:&quot;%&quot;,&quot;size&quot;:&quot;&quot;,&quot;sizes&quot;:[]}}\">\n\t\t\t\t<div class=\"elementor-element elementor-element-903403b elementor-widget__width-initial elementor-absolute slide e-transform elementor-widget elementor-widget-image\" data-id=\"903403b\" data-element_type=\"widget\" data-e-type=\"widget\" data-settings=\"{&quot;_position&quot;:&quot;absolute&quot;,&quot;_transform_translateX_effect&quot;:{&quot;unit&quot;:&quot;%&quot;,&quot;size&quot;:-130,&quot;sizes&quot;:[]},&quot;_transform_translateX_effect_tablet&quot;:{&quot;unit&quot;:&quot;%&quot;,&quot;size&quot;:&quot;&quot;,&quot;sizes&quot;:[]},&quot;_transform_translateX_effect_mobile&quot;:{&quot;unit&quot;:&quot;%&quot;,&quot;size&quot;:&quot;&quot;,&quot;sizes&quot;:[]},&quot;_transform_translateY_effect&quot;:{&quot;unit&quot;:&quot;px&quot;,&quot;size&quot;:&quot;&quot;,&quot;sizes&quot;:[]},&quot;_transform_translateY_effect_tablet&quot;:{&quot;unit&quot;:&quot;px&quot;,&quot;size&quot;:&quot;&quot;,&quot;sizes&quot;:[]},&quot;_transform_translateY_effect_mobile&quot;:{&quot;unit&quot;:&quot;px&quot;,&quot;size&quot;:&quot;&quot;,&quot;sizes&quot;:[]}}\" data-widget_type=\"image.default\">\n\t\t\t\t<div class=\"elementor-widget-container\">\n\t\t\t\t\t\t\t\t\t\t\t\t\t\t\t<img fetchpriority=\"high\" decoding=\"async\" width=\"800\" height=\"600\" src=\"https:\/\/spalig.com\/wp-content\/uploads\/2025\/02\/IP-1024x768.webp\" class=\"attachment-large size-large wp-image-1891\" alt=\"izrada web stranice za fitness trenera\" srcset=\"https:\/\/spalig.com\/wp-content\/uploads\/2025\/02\/IP-1024x768.webp 1024w, https:\/\/spalig.com\/wp-content\/uploads\/2025\/02\/IP-300x225.webp 300w, https:\/\/spalig.com\/wp-content\/uploads\/2025\/02\/IP-768x576.webp 768w, https:\/\/spalig.com\/wp-content\/uploads\/2025\/02\/IP-1536x1152.webp 1536w, https:\/\/spalig.com\/wp-content\/uploads\/2025\/02\/IP-16x12.webp 16w, https:\/\/spalig.com\/wp-content\/uploads\/2025\/02\/IP.webp 1920w\" sizes=\"(max-width: 800px) 100vw, 800px\" \/>\t\t\t\t\t\t\t\t\t\t\t\t\t\t\t<\/div>\n\t\t\t\t<\/div>\n\t\t\t\t<div class=\"elementor-element elementor-element-951c389 elementor-widget__width-initial elementor-absolute slide e-transform elementor-widget elementor-widget-image\" data-id=\"951c389\" data-element_type=\"widget\" data-e-type=\"widget\" data-settings=\"{&quot;_position&quot;:&quot;absolute&quot;,&quot;_transform_translateX_effect&quot;:{&quot;unit&quot;:&quot;%&quot;,&quot;size&quot;:-130,&quot;sizes&quot;:[]},&quot;_transform_translateX_effect_tablet&quot;:{&quot;unit&quot;:&quot;%&quot;,&quot;size&quot;:&quot;&quot;,&quot;sizes&quot;:[]},&quot;_transform_translateX_effect_mobile&quot;:{&quot;unit&quot;:&quot;%&quot;,&quot;size&quot;:&quot;&quot;,&quot;sizes&quot;:[]},&quot;_transform_translateY_effect&quot;:{&quot;unit&quot;:&quot;px&quot;,&quot;size&quot;:&quot;&quot;,&quot;sizes&quot;:[]},&quot;_transform_translateY_effect_tablet&quot;:{&quot;unit&quot;:&quot;px&quot;,&quot;size&quot;:&quot;&quot;,&quot;sizes&quot;:[]},&quot;_transform_translateY_effect_mobile&quot;:{&quot;unit&quot;:&quot;px&quot;,&quot;size&quot;:&quot;&quot;,&quot;sizes&quot;:[]}}\" data-widget_type=\"image.default\">\n\t\t\t\t<div class=\"elementor-widget-container\">\n\t\t\t\t\t\t\t\t\t\t\t\t\t\t\t<img decoding=\"async\" width=\"800\" height=\"600\" src=\"https:\/\/spalig.com\/wp-content\/uploads\/2025\/02\/CB-1024x768.webp\" class=\"attachment-large size-large wp-image-1890\" alt=\"izrada web stranice za muziku\" srcset=\"https:\/\/spalig.com\/wp-content\/uploads\/2025\/02\/CB-1024x768.webp 1024w, https:\/\/spalig.com\/wp-content\/uploads\/2025\/02\/CB-300x225.webp 300w, https:\/\/spalig.com\/wp-content\/uploads\/2025\/02\/CB-768x576.webp 768w, https:\/\/spalig.com\/wp-content\/uploads\/2025\/02\/CB-1536x1152.webp 1536w, https:\/\/spalig.com\/wp-content\/uploads\/2025\/02\/CB-16x12.webp 16w, https:\/\/spalig.com\/wp-content\/uploads\/2025\/02\/CB.webp 1920w\" sizes=\"(max-width: 800px) 100vw, 800px\" \/>\t\t\t\t\t\t\t\t\t\t\t\t\t\t\t<\/div>\n\t\t\t\t<\/div>\n\t\t\t\t<div class=\"elementor-element elementor-element-53b4afa elementor-widget__width-initial elementor-absolute slide e-transform elementor-widget elementor-widget-image\" data-id=\"53b4afa\" data-element_type=\"widget\" data-e-type=\"widget\" data-settings=\"{&quot;_position&quot;:&quot;absolute&quot;,&quot;_transform_translateX_effect&quot;:{&quot;unit&quot;:&quot;%&quot;,&quot;size&quot;:-130,&quot;sizes&quot;:[]},&quot;_transform_translateX_effect_tablet&quot;:{&quot;unit&quot;:&quot;%&quot;,&quot;size&quot;:&quot;&quot;,&quot;sizes&quot;:[]},&quot;_transform_translateX_effect_mobile&quot;:{&quot;unit&quot;:&quot;%&quot;,&quot;size&quot;:&quot;&quot;,&quot;sizes&quot;:[]},&quot;_transform_translateY_effect&quot;:{&quot;unit&quot;:&quot;px&quot;,&quot;size&quot;:&quot;&quot;,&quot;sizes&quot;:[]},&quot;_transform_translateY_effect_tablet&quot;:{&quot;unit&quot;:&quot;px&quot;,&quot;size&quot;:&quot;&quot;,&quot;sizes&quot;:[]},&quot;_transform_translateY_effect_mobile&quot;:{&quot;unit&quot;:&quot;px&quot;,&quot;size&quot;:&quot;&quot;,&quot;sizes&quot;:[]}}\" data-widget_type=\"image.default\">\n\t\t\t\t<div class=\"elementor-widget-container\">\n\t\t\t\t\t\t\t\t\t\t\t\t\t\t\t<img decoding=\"async\" width=\"800\" height=\"600\" src=\"https:\/\/spalig.com\/wp-content\/uploads\/2025\/02\/HL-1024x768.webp\" class=\"attachment-large size-large wp-image-1888\" alt=\"izrada web stranice za lansiraju\u0107i proizvod\" srcset=\"https:\/\/spalig.com\/wp-content\/uploads\/2025\/02\/HL-1024x768.webp 1024w, https:\/\/spalig.com\/wp-content\/uploads\/2025\/02\/HL-300x225.webp 300w, https:\/\/spalig.com\/wp-content\/uploads\/2025\/02\/HL-768x576.webp 768w, https:\/\/spalig.com\/wp-content\/uploads\/2025\/02\/HL-1536x1152.webp 1536w, https:\/\/spalig.com\/wp-content\/uploads\/2025\/02\/HL-16x12.webp 16w, https:\/\/spalig.com\/wp-content\/uploads\/2025\/02\/HL.webp 1920w\" sizes=\"(max-width: 800px) 100vw, 800px\" \/>\t\t\t\t\t\t\t\t\t\t\t\t\t\t\t<\/div>\n\t\t\t\t<\/div>\n\t\t\t\t<div class=\"elementor-element elementor-element-8004349 elementor-widget__width-initial elementor-absolute slide e-transform elementor-widget elementor-widget-image\" data-id=\"8004349\" data-element_type=\"widget\" data-e-type=\"widget\" data-settings=\"{&quot;_position&quot;:&quot;absolute&quot;,&quot;_transform_translateX_effect&quot;:{&quot;unit&quot;:&quot;%&quot;,&quot;size&quot;:-130,&quot;sizes&quot;:[]},&quot;_transform_translateX_effect_tablet&quot;:{&quot;unit&quot;:&quot;%&quot;,&quot;size&quot;:&quot;&quot;,&quot;sizes&quot;:[]},&quot;_transform_translateX_effect_mobile&quot;:{&quot;unit&quot;:&quot;%&quot;,&quot;size&quot;:&quot;&quot;,&quot;sizes&quot;:[]},&quot;_transform_translateY_effect&quot;:{&quot;unit&quot;:&quot;px&quot;,&quot;size&quot;:&quot;&quot;,&quot;sizes&quot;:[]},&quot;_transform_translateY_effect_tablet&quot;:{&quot;unit&quot;:&quot;px&quot;,&quot;size&quot;:&quot;&quot;,&quot;sizes&quot;:[]},&quot;_transform_translateY_effect_mobile&quot;:{&quot;unit&quot;:&quot;px&quot;,&quot;size&quot;:&quot;&quot;,&quot;sizes&quot;:[]}}\" data-widget_type=\"image.default\">\n\t\t\t\t<div class=\"elementor-widget-container\">\n\t\t\t\t\t\t\t\t\t\t\t\t\t\t\t<img loading=\"lazy\" decoding=\"async\" width=\"800\" height=\"600\" src=\"https:\/\/spalig.com\/wp-content\/uploads\/2025\/02\/IB-1024x768.webp\" class=\"attachment-large size-large wp-image-1889\" alt=\"izrada web stranice za gra\u0111evinsku firmu\" srcset=\"https:\/\/spalig.com\/wp-content\/uploads\/2025\/02\/IB-1024x768.webp 1024w, https:\/\/spalig.com\/wp-content\/uploads\/2025\/02\/IB-300x225.webp 300w, https:\/\/spalig.com\/wp-content\/uploads\/2025\/02\/IB-768x576.webp 768w, https:\/\/spalig.com\/wp-content\/uploads\/2025\/02\/IB-1536x1152.webp 1536w, https:\/\/spalig.com\/wp-content\/uploads\/2025\/02\/IB-16x12.webp 16w, https:\/\/spalig.com\/wp-content\/uploads\/2025\/02\/IB.webp 1920w\" sizes=\"(max-width: 800px) 100vw, 800px\" \/>\t\t\t\t\t\t\t\t\t\t\t\t\t\t\t<\/div>\n\t\t\t\t<\/div>\n\t\t\t\t<div class=\"elementor-element elementor-element-8dbc5ca elementor-widget__width-initial elementor-absolute slide e-transform elementor-widget elementor-widget-image\" data-id=\"8dbc5ca\" data-element_type=\"widget\" data-e-type=\"widget\" data-settings=\"{&quot;_position&quot;:&quot;absolute&quot;,&quot;_transform_translateX_effect&quot;:{&quot;unit&quot;:&quot;%&quot;,&quot;size&quot;:-130,&quot;sizes&quot;:[]},&quot;_transform_translateX_effect_tablet&quot;:{&quot;unit&quot;:&quot;%&quot;,&quot;size&quot;:&quot;&quot;,&quot;sizes&quot;:[]},&quot;_transform_translateX_effect_mobile&quot;:{&quot;unit&quot;:&quot;%&quot;,&quot;size&quot;:&quot;&quot;,&quot;sizes&quot;:[]},&quot;_transform_translateY_effect&quot;:{&quot;unit&quot;:&quot;px&quot;,&quot;size&quot;:&quot;&quot;,&quot;sizes&quot;:[]},&quot;_transform_translateY_effect_tablet&quot;:{&quot;unit&quot;:&quot;px&quot;,&quot;size&quot;:&quot;&quot;,&quot;sizes&quot;:[]},&quot;_transform_translateY_effect_mobile&quot;:{&quot;unit&quot;:&quot;px&quot;,&quot;size&quot;:&quot;&quot;,&quot;sizes&quot;:[]}}\" data-widget_type=\"image.default\">\n\t\t\t\t<div class=\"elementor-widget-container\">\n\t\t\t\t\t\t\t\t\t\t\t\t\t\t\t<img loading=\"lazy\" decoding=\"async\" width=\"800\" height=\"600\" src=\"https:\/\/spalig.com\/wp-content\/uploads\/2025\/02\/GWD-1024x768.webp\" class=\"attachment-large size-large wp-image-1887\" alt=\"izrada web stranice za car detailing\" srcset=\"https:\/\/spalig.com\/wp-content\/uploads\/2025\/02\/GWD-1024x768.webp 1024w, https:\/\/spalig.com\/wp-content\/uploads\/2025\/02\/GWD-300x225.webp 300w, https:\/\/spalig.com\/wp-content\/uploads\/2025\/02\/GWD-768x576.webp 768w, https:\/\/spalig.com\/wp-content\/uploads\/2025\/02\/GWD-1536x1152.webp 1536w, https:\/\/spalig.com\/wp-content\/uploads\/2025\/02\/GWD-16x12.webp 16w, https:\/\/spalig.com\/wp-content\/uploads\/2025\/02\/GWD.webp 1920w\" sizes=\"(max-width: 800px) 100vw, 800px\" \/>\t\t\t\t\t\t\t\t\t\t\t\t\t\t\t<\/div>\n\t\t\t\t<\/div>\n\t\t\t\t<div class=\"elementor-element elementor-element-5c93223 elementor-widget__width-initial elementor-absolute slide e-transform elementor-widget elementor-widget-image\" data-id=\"5c93223\" data-element_type=\"widget\" data-e-type=\"widget\" data-settings=\"{&quot;_position&quot;:&quot;absolute&quot;,&quot;_transform_translateX_effect&quot;:{&quot;unit&quot;:&quot;%&quot;,&quot;size&quot;:-130,&quot;sizes&quot;:[]},&quot;_transform_translateX_effect_tablet&quot;:{&quot;unit&quot;:&quot;%&quot;,&quot;size&quot;:&quot;&quot;,&quot;sizes&quot;:[]},&quot;_transform_translateX_effect_mobile&quot;:{&quot;unit&quot;:&quot;%&quot;,&quot;size&quot;:&quot;&quot;,&quot;sizes&quot;:[]},&quot;_transform_translateY_effect&quot;:{&quot;unit&quot;:&quot;px&quot;,&quot;size&quot;:&quot;&quot;,&quot;sizes&quot;:[]},&quot;_transform_translateY_effect_tablet&quot;:{&quot;unit&quot;:&quot;px&quot;,&quot;size&quot;:&quot;&quot;,&quot;sizes&quot;:[]},&quot;_transform_translateY_effect_mobile&quot;:{&quot;unit&quot;:&quot;px&quot;,&quot;size&quot;:&quot;&quot;,&quot;sizes&quot;:[]}}\" data-widget_type=\"image.default\">\n\t\t\t\t<div class=\"elementor-widget-container\">\n\t\t\t\t\t\t\t\t\t\t\t\t\t\t\t<img loading=\"lazy\" decoding=\"async\" width=\"800\" height=\"600\" src=\"https:\/\/spalig.com\/wp-content\/uploads\/2025\/02\/COX-1024x768.webp\" class=\"attachment-large size-large wp-image-1886\" alt=\"izrada web stranice za security usluge\" srcset=\"https:\/\/spalig.com\/wp-content\/uploads\/2025\/02\/COX-1024x768.webp 1024w, https:\/\/spalig.com\/wp-content\/uploads\/2025\/02\/COX-300x225.webp 300w, https:\/\/spalig.com\/wp-content\/uploads\/2025\/02\/COX-768x576.webp 768w, https:\/\/spalig.com\/wp-content\/uploads\/2025\/02\/COX-1536x1152.webp 1536w, https:\/\/spalig.com\/wp-content\/uploads\/2025\/02\/COX-16x12.webp 16w, https:\/\/spalig.com\/wp-content\/uploads\/2025\/02\/COX.webp 1920w\" sizes=\"(max-width: 800px) 100vw, 800px\" \/>\t\t\t\t\t\t\t\t\t\t\t\t\t\t\t<\/div>\n\t\t\t\t<\/div>\n\t\t\t\t<div class=\"elementor-element elementor-element-45bf9b9 elementor-widget__width-initial elementor-absolute slide e-transform elementor-widget elementor-widget-image\" data-id=\"45bf9b9\" data-element_type=\"widget\" data-e-type=\"widget\" data-settings=\"{&quot;_position&quot;:&quot;absolute&quot;,&quot;_transform_translateX_effect&quot;:{&quot;unit&quot;:&quot;%&quot;,&quot;size&quot;:-130,&quot;sizes&quot;:[]},&quot;_transform_translateX_effect_tablet&quot;:{&quot;unit&quot;:&quot;%&quot;,&quot;size&quot;:&quot;&quot;,&quot;sizes&quot;:[]},&quot;_transform_translateX_effect_mobile&quot;:{&quot;unit&quot;:&quot;%&quot;,&quot;size&quot;:&quot;&quot;,&quot;sizes&quot;:[]},&quot;_transform_translateY_effect&quot;:{&quot;unit&quot;:&quot;px&quot;,&quot;size&quot;:&quot;&quot;,&quot;sizes&quot;:[]},&quot;_transform_translateY_effect_tablet&quot;:{&quot;unit&quot;:&quot;px&quot;,&quot;size&quot;:&quot;&quot;,&quot;sizes&quot;:[]},&quot;_transform_translateY_effect_mobile&quot;:{&quot;unit&quot;:&quot;px&quot;,&quot;size&quot;:&quot;&quot;,&quot;sizes&quot;:[]}}\" data-widget_type=\"image.default\">\n\t\t\t\t<div class=\"elementor-widget-container\">\n\t\t\t\t\t\t\t\t\t\t\t\t\t\t\t<img loading=\"lazy\" decoding=\"async\" width=\"800\" height=\"600\" src=\"https:\/\/spalig.com\/wp-content\/uploads\/2025\/02\/VGT-1024x768.webp\" class=\"attachment-large size-large wp-image-1893\" alt=\"izrada luxury taxi stranice\" srcset=\"https:\/\/spalig.com\/wp-content\/uploads\/2025\/02\/VGT-1024x768.webp 1024w, https:\/\/spalig.com\/wp-content\/uploads\/2025\/02\/VGT-300x225.webp 300w, https:\/\/spalig.com\/wp-content\/uploads\/2025\/02\/VGT-768x576.webp 768w, https:\/\/spalig.com\/wp-content\/uploads\/2025\/02\/VGT-1536x1152.webp 1536w, https:\/\/spalig.com\/wp-content\/uploads\/2025\/02\/VGT-16x12.webp 16w, https:\/\/spalig.com\/wp-content\/uploads\/2025\/02\/VGT.webp 1920w\" sizes=\"(max-width: 800px) 100vw, 800px\" \/>\t\t\t\t\t\t\t\t\t\t\t\t\t\t\t<\/div>\n\t\t\t\t<\/div>\n\t\t\t\t<div class=\"elementor-element elementor-element-8616cb8 elementor-widget elementor-widget-html\" data-id=\"8616cb8\" data-element_type=\"widget\" data-e-type=\"widget\" data-widget_type=\"html.default\">\n\t\t\t\t<div class=\"elementor-widget-container\">\n\t\t\t\t\t<script src=\"https:\/\/cdnjs.cloudflare.com\/ajax\/libs\/gsap\/3.11.0\/gsap.min.js\"><\/script>\r\n<script src=\"https:\/\/cdnjs.cloudflare.com\/ajax\/libs\/gsap\/3.11.0\/ScrollTrigger.min.js\"><\/script>\r\n\r\n<script>\r\nconst slides = document.querySelectorAll('.slide');\r\nlet isMobile = window.innerWidth <= 768; \/\/ Assuming mobile width is 768px or less\r\n\r\nslides.forEach((slide, i) => {\r\n    let angle = isMobile ? i * 10 : (i * 10) - 10;\r\n    gsap.to(slide, {\r\n        rotation: angle,\r\n        transformOrigin: \"0% 2300px\",\r\n    });\r\n});\r\n\r\nlet speed = isMobile ? 30 : 30; \/\/ Faster speed on mobile\r\nScrollTrigger.create({\r\n    trigger: '.scroller',\r\n    start: \"top top\",\r\n    end: \"bottom bottom\",\r\n    \/\/markers: true,\r\n    onUpdate: (self) => {\r\n        gsap.to(slides, {\r\n            rotation: (i) => {\r\n                let baseAngle = isMobile ? i * 10 : (i * 10) - 10;\r\n                return baseAngle - self.progress * speed;\r\n            }\r\n        });\r\n    }\r\n});\r\n<\/script>\t\t\t\t<\/div>\n\t\t\t\t<\/div>\n\t\t\t\t<\/div>\n\t\t\t\t\t<\/div>\n\t\t\t\t<\/div>\n\t\t\t\t<\/div>\n\t\t<div class=\"elementor-element elementor-element-a576e97 e-flex e-con-boxed e-con e-parent\" data-id=\"a576e97\" data-element_type=\"container\" data-e-type=\"container\" data-settings=\"{&quot;background_background&quot;:&quot;classic&quot;}\">\n\t\t\t\t\t<div class=\"e-con-inner\">\n\t\t<div class=\"elementor-element elementor-element-19e1fd5 e-con-full e-transform e-flex e-con e-child\" data-id=\"19e1fd5\" data-element_type=\"container\" data-e-type=\"container\" data-settings=\"{&quot;position&quot;:&quot;absolute&quot;,&quot;_transform_translateX_effect&quot;:{&quot;unit&quot;:&quot;%&quot;,&quot;size&quot;:-50,&quot;sizes&quot;:[]},&quot;_transform_translateX_effect_tablet&quot;:{&quot;unit&quot;:&quot;%&quot;,&quot;size&quot;:&quot;&quot;,&quot;sizes&quot;:[]},&quot;_transform_translateX_effect_mobile&quot;:{&quot;unit&quot;:&quot;%&quot;,&quot;size&quot;:&quot;&quot;,&quot;sizes&quot;:[]},&quot;_transform_translateY_effect&quot;:{&quot;unit&quot;:&quot;px&quot;,&quot;size&quot;:-50,&quot;sizes&quot;:[]},&quot;_transform_translateY_effect_tablet&quot;:{&quot;unit&quot;:&quot;%&quot;,&quot;size&quot;:&quot;&quot;,&quot;sizes&quot;:[]},&quot;_transform_translateY_effect_mobile&quot;:{&quot;unit&quot;:&quot;%&quot;,&quot;size&quot;:&quot;&quot;,&quot;sizes&quot;:[]}}\">\n\t\t\t\t<div class=\"elementor-element elementor-element-ee1c622 elementor-widget elementor-widget-image\" data-id=\"ee1c622\" data-element_type=\"widget\" data-e-type=\"widget\" data-widget_type=\"image.default\">\n\t\t\t\t<div class=\"elementor-widget-container\">\n\t\t\t\t\t\t\t\t\t\t\t\t\t\t\t<img loading=\"lazy\" decoding=\"async\" width=\"800\" height=\"259\" src=\"https:\/\/spalig.com\/wp-content\/uploads\/2025\/01\/Spalig-White-logo-1024x331.webp\" class=\"attachment-large size-large wp-image-410\" alt=\"\" srcset=\"https:\/\/spalig.com\/wp-content\/uploads\/2025\/01\/Spalig-White-logo-1024x331.webp 1024w, https:\/\/spalig.com\/wp-content\/uploads\/2025\/01\/Spalig-White-logo-300x97.webp 300w, https:\/\/spalig.com\/wp-content\/uploads\/2025\/01\/Spalig-White-logo-768x248.webp 768w, https:\/\/spalig.com\/wp-content\/uploads\/2025\/01\/Spalig-White-logo.webp 1193w\" sizes=\"(max-width: 800px) 100vw, 800px\" \/>\t\t\t\t\t\t\t\t\t\t\t\t\t\t\t<\/div>\n\t\t\t\t<\/div>\n\t\t\t\t<div class=\"elementor-element elementor-element-3f2f626 elementor-widget elementor-widget-text-editor\" data-id=\"3f2f626\" data-element_type=\"widget\" data-e-type=\"widget\" data-widget_type=\"text-editor.default\">\n\t\t\t\t<div class=\"elementor-widget-container\">\n\t\t\t\t\t\t\t\t\t<p>Na\u0161 premium hosting paket nudi vrhunske NVMe SSD diskove koji omogu\u0107uju neusporedivu brzinu i brz odgovor stranica. Sa turbo hostingom, osiguravamo maksimalne performanse, \u010dak i pod velikim optere\u0107enjem. Na\u0161 hosting je dizajniran da bude pouzdan i siguran, s automatskim backupima i naprednim sigurnosnim zna\u010dajkama koje \u0161tite va\u0161u web stranicu 24\/7.<\/p>\t\t\t\t\t\t\t\t<\/div>\n\t\t\t\t<\/div>\n\t\t\t\t<div class=\"elementor-element elementor-element-1b4d798 gumb elementor-widget elementor-widget-button\" data-id=\"1b4d798\" data-element_type=\"widget\" data-e-type=\"widget\" data-widget_type=\"button.default\">\n\t\t\t\t<div class=\"elementor-widget-container\">\n\t\t\t\t\t\t\t\t\t<div class=\"elementor-button-wrapper\">\n\t\t\t\t\t<a class=\"elementor-button elementor-button-link elementor-size-sm\" href=\"https:\/\/spalig.com\/kontakt\/\">\n\t\t\t\t\t\t<span class=\"elementor-button-content-wrapper\">\n\t\t\t\t\t\t\t\t\t<span class=\"elementor-button-text\"><span class=\"services-btn\">KONTAKTIRAJ NAS<\/span>\n\t\t\t\t\t<\/span>\n\t\t\t\t\t<\/a>\n\t\t\t\t<\/div>\n\t\t\t\t\t\t\t\t<\/div>\n\t\t\t\t<\/div>\n\t\t\t\t<\/div>\n\t\t\t\t\t<\/div>\n\t\t\t\t<\/div>\n\t\t\t\t<\/div>\n\t\t","protected":false},"excerpt":{"rendered":"<p>Va\u0161a web stranica zaslu\u017euje najbolje. Brzina, Sigurnost i Pouzdanost Na\u0161 premium hosting paket nudi vrhunske NVMe SSD diskove koji omogu\u0107uju neusporedivu brzinu i brz odgovor stranica. Sa turbo hostingom, osiguravamo maksimalne performanse, \u010dak i pod velikim optere\u0107enjem. Na\u0161 hosting je dizajniran da bude pouzdan i siguran, s automatskim backupima i naprednim sigurnosnim zna\u010dajkama koje \u0161tite [&hellip;]<\/p>\n","protected":false},"author":1,"featured_media":0,"parent":0,"menu_order":0,"comment_status":"closed","ping_status":"closed","template":"","meta":{"footnotes":""},"class_list":["post-2049","page","type-page","status-publish","hentry"],"_links":{"self":[{"href":"https:\/\/spalig.com\/en\/wp-json\/wp\/v2\/pages\/2049","targetHints":{"allow":["GET"]}}],"collection":[{"href":"https:\/\/spalig.com\/en\/wp-json\/wp\/v2\/pages"}],"about":[{"href":"https:\/\/spalig.com\/en\/wp-json\/wp\/v2\/types\/page"}],"author":[{"embeddable":true,"href":"https:\/\/spalig.com\/en\/wp-json\/wp\/v2\/users\/1"}],"replies":[{"embeddable":true,"href":"https:\/\/spalig.com\/en\/wp-json\/wp\/v2\/comments?post=2049"}],"version-history":[{"count":0,"href":"https:\/\/spalig.com\/en\/wp-json\/wp\/v2\/pages\/2049\/revisions"}],"wp:attachment":[{"href":"https:\/\/spalig.com\/en\/wp-json\/wp\/v2\/media?parent=2049"}],"curies":[{"name":"wp","href":"https:\/\/api.w.org\/{rel}","templated":true}]}}